{"id":38,"date":"2019-05-05T12:49:03","date_gmt":"2019-05-05T12:49:03","guid":{"rendered":"http:\/\/fliesenexpert.com\/?page_id=38"},"modified":"2019-05-05T15:38:31","modified_gmt":"2019-05-05T15:38:31","slug":"home","status":"publish","type":"page","link":"http:\/\/fliesenexpert.com\/","title":{"rendered":"Home"},"content":{"rendered":"\n<p>Willkommen bei Ihrem<strong> Fliesenexpert Julian Heitmann<\/strong><\/p>\n\n\n\n<p>Ihre Tr\u00e4ume und Vorstellungen stehen f\u00fcr mich im Mittelpunkt.&nbsp;<\/p>\n\n\n\n<p>Mit individueller Beratung und meinen handwerklichen Fachkenntnissen sowie handwerklich pr\u00e4ziser Verlegung werden Ihre individuellen W\u00fcnsche realisiert.<br><\/p>\n\n\n\n<p>\u00a0Lassen Sie sich beraten und inspirieren.<\/p>\n","protected":false},"excerpt":{"rendered":"<p>Willkommen bei Ihrem Fliesenexpert Julian Heitmann Ihre Tr\u00e4ume und Vorstellungen stehen f\u00fcr mich im Mittelpunkt.&nbsp; Mit individueller Beratung und meinen handwerklichen Fachkenntnissen sowie handwerklich pr\u00e4ziser Verlegung werden Ihre individuellen W\u00fcnsche realisiert. \u00a0Lassen Sie sich beraten und inspirieren.<\/p>\n","protected":false},"author":1,"featured_media":0,"parent":0,"menu_order":0,"comment_status":"closed","ping_status":"closed","template":"","meta":{"footnotes":""},"class_list":["post-38","page","type-page","status-publish","czr-hentry"],"_links":{"self":[{"href":"http:\/\/fliesenexpert.com\/index.php?rest_route=\/wp\/v2\/pages\/38","targetHints":{"allow":["GET"]}}],"collection":[{"href":"http:\/\/fliesenexpert.com\/index.php?rest_route=\/wp\/v2\/pages"}],"about":[{"href":"http:\/\/fliesenexpert.com\/index.php?rest_route=\/wp\/v2\/types\/page"}],"author":[{"embeddable":true,"href":"http:\/\/fliesenexpert.com\/index.php?rest_route=\/wp\/v2\/users\/1"}],"replies":[{"embeddable":true,"href":"http:\/\/fliesenexpert.com\/index.php?rest_route=%2Fwp%2Fv2%2Fcomments&post=38"}],"version-history":[{"count":4,"href":"http:\/\/fliesenexpert.com\/index.php?rest_route=\/wp\/v2\/pages\/38\/revisions"}],"predecessor-version":[{"id":68,"href":"http:\/\/fliesenexpert.com\/index.php?rest_route=\/wp\/v2\/pages\/38\/revisions\/68"}],"wp:attachment":[{"href":"http:\/\/fliesenexpert.com\/index.php?rest_route=%2Fwp%2Fv2%2Fmedia&parent=38"}],"curies":[{"name":"wp","href":"https:\/\/api.w.org\/{rel}","templated":true}]}}