{"id":69,"date":"2019-05-05T15:42:16","date_gmt":"2019-05-05T15:42:16","guid":{"rendered":"http:\/\/fliesenexpert.com\/?page_id=69"},"modified":"2019-06-26T13:41:54","modified_gmt":"2019-06-26T13:41:54","slug":"ueber-mich","status":"publish","type":"page","link":"https:\/\/fliesenexpert.com\/?page_id=69","title":{"rendered":"\u00dcber mich"},"content":{"rendered":"\n<figure class=\"wp-block-image is-resized\"><img loading=\"lazy\" decoding=\"async\" src=\"http:\/\/fliesenexpert.com\/wp-content\/uploads\/2019\/06\/julian-1-768x1024.png\" alt=\"\" class=\"wp-image-106\" width=\"318\" height=\"424\" srcset=\"https:\/\/fliesenexpert.com\/wp-content\/uploads\/2019\/06\/julian-1-768x1024.png 768w, https:\/\/fliesenexpert.com\/wp-content\/uploads\/2019\/06\/julian-1-225x300.png 225w, https:\/\/fliesenexpert.com\/wp-content\/uploads\/2019\/06\/julian-1.png 1350w\" sizes=\"auto, (max-width: 318px) 100vw, 318px\" \/><figcaption>Julian Heitmann<\/figcaption><\/figure>\n\n\n\n<p>Seit \u00fcber 7 Jahren bin ich als ausgebildeter Fliesenleger aktiv und in und um Schneverdingen im Einsatz. <br>F\u00fcr mich gibt es nichts Sch\u00f6neres, als f\u00fcr Menschen neue Wohlf\u00fchlorte zu schaffen, da Fliesen schon immer meine Leidenschaft waren.\u00a0<\/p>\n\n\n\n<p>Etwas Neues entwerfen,\u00a0 R\u00e4umlichkeiten durch gekonnte Fliesengestaltung ein\u00a0Leben einzuhauchen \u2013 das sind f\u00fcr mich die Hauptgr\u00fcnde meinen Beruf als Fliesenleger zu lieben.<\/p>\n\n\n\n<p>Egal ob Badfliesen, verspielte Mosaikmuster im Wohnbereich oder moderne Natursteinoptiken f\u00fcr den Innen- oder Au\u00dfenbereich: Ich mag es, den R\u00e4umen mit meinen Fliesenarbeiten eine wohltuende Lebendigkeit zu verleihen.<br>Lassen Sie sich inspirieren. Von Naturstein \u2013 bis hin zur Holzoptik ist alles m\u00f6glich. Ich berate Sie gern zu weiteren Gestaltungsm\u00f6glichkeiten!<\/p>\n\n\n\n<p>Zeitlos &#8211; Nachhaltig &#8211; Kreativ<\/p>\n\n\n\n<p>Als ausgebildeter Fliesenleger stehe ich Ihnen von der Planung bis zur Realisierung gerne zur Seite.<\/p>\n\n\n\n<p>Ich freue mich, Sie kennen zu lernen und gemeinsam mit Ihnen Ihre Visionen und Vorstellungen fachm\u00e4nnisch und professionell umzusetzen!<\/p>\n\n\n\n<figure class=\"wp-block-image\"><img loading=\"lazy\" decoding=\"async\" width=\"1024\" height=\"768\" src=\"http:\/\/fliesenexpert.com\/wp-content\/uploads\/2019\/06\/busj-1024x768.jpg\" alt=\"\" class=\"wp-image-109\" srcset=\"https:\/\/fliesenexpert.com\/wp-content\/uploads\/2019\/06\/busj-1024x768.jpg 1024w, https:\/\/fliesenexpert.com\/wp-content\/uploads\/2019\/06\/busj-300x225.jpg 300w, https:\/\/fliesenexpert.com\/wp-content\/uploads\/2019\/06\/busj-768x576.jpg 768w, https:\/\/fliesenexpert.com\/wp-content\/uploads\/2019\/06\/busj.jpg 1800w\" sizes=\"auto, (max-width: 1024px) 100vw, 1024px\" \/><\/figure>\n","protected":false},"excerpt":{"rendered":"<p>Seit \u00fcber 7 Jahren bin ich als ausgebildeter Fliesenleger aktiv und in und um Schneverdingen im Einsatz. F\u00fcr mich gibt es nichts Sch\u00f6neres, als f\u00fcr Menschen neue Wohlf\u00fchlorte zu schaffen, da Fliesen schon immer meine Leidenschaft waren.\u00a0 Etwas Neues entwerfen,\u00a0 R\u00e4umlichkeiten durch gekonnte Fliesengestaltung ein\u00a0Leben einzuhauchen \u2013 das sind f\u00fcr mich die Hauptgr\u00fcnde meinen Beruf [&hellip;]<\/p>\n","protected":false},"author":1,"featured_media":0,"parent":0,"menu_order":0,"comment_status":"closed","ping_status":"closed","template":"","meta":{"footnotes":""},"class_list":["post-69","page","type-page","status-publish","czr-hentry"],"_links":{"self":[{"href":"https:\/\/fliesenexpert.com\/index.php?rest_route=\/wp\/v2\/pages\/69","targetHints":{"allow":["GET"]}}],"collection":[{"href":"https:\/\/fliesenexpert.com\/index.php?rest_route=\/wp\/v2\/pages"}],"about":[{"href":"https:\/\/fliesenexpert.com\/index.php?rest_route=\/wp\/v2\/types\/page"}],"author":[{"embeddable":true,"href":"https:\/\/fliesenexpert.com\/index.php?rest_route=\/wp\/v2\/users\/1"}],"replies":[{"embeddable":true,"href":"https:\/\/fliesenexpert.com\/index.php?rest_route=%2Fwp%2Fv2%2Fcomments&post=69"}],"version-history":[{"count":11,"href":"https:\/\/fliesenexpert.com\/index.php?rest_route=\/wp\/v2\/pages\/69\/revisions"}],"predecessor-version":[{"id":122,"href":"https:\/\/fliesenexpert.com\/index.php?rest_route=\/wp\/v2\/pages\/69\/revisions\/122"}],"wp:attachment":[{"href":"https:\/\/fliesenexpert.com\/index.php?rest_route=%2Fwp%2Fv2%2Fmedia&parent=69"}],"curies":[{"name":"wp","href":"https:\/\/api.w.org\/{rel}","templated":true}]}}